{"id":642,"date":"2017-01-02T08:28:52","date_gmt":"2017-01-02T08:28:52","guid":{"rendered":"https:\/\/demo.themegrill.com\/flash-default-2\/?page_id=5"},"modified":"2020-07-03T21:25:45","modified_gmt":"2020-07-03T21:25:45","slug":"home","status":"publish","type":"page","link":"http:\/\/www.asiyezoroglu.com\/","title":{"rendered":"Home"},"content":{"rendered":"<div id=\"pl-642\"  class=\"panel-layout\" ><div id=\"pg-642-0\"  class=\"panel-grid panel-has-style\" ><div class=\"siteorigin-panels-stretch panel-row-style panel-row-style-for-642-0\" data-stretch-type=\"full-stretched\" ><div id=\"pgc-642-0-0\"  class=\"panel-grid-cell\" ><div id=\"panel-642-0-0-0\" class=\"so-panel widget widget_themegrill_flash_slider tg-section tg-slider-widget panel-first-child\" data-index=\"0\" ><div class=\"tg-slider-widget slider-light slider-content-center slider-control-center full-width\">\n\t<div class=\"swiper-container\">\n\t\t<div class=\"swiper-wrapper\">\n\t\t\t\n\t\t\t\t\t<div class=\"swiper-slide\">\n\t\t\t\t\t\t<figure class=\"slider-image\" >\n\t\t\t\t\t\t\t<img width=\"1500\" height=\"500\"\t\t\t\t\t\t\t\t\tsrc=\"http:\/\/www.asiyezoroglu.com\/wp-content\/uploads\/2020\/07\/1.png\"\n\t\t\t\t\t\t\t\t\talt=\"\"\n\t\t\t\t\t\t\t\t\ttitle=\"\"\/>\n\t\t\t\t\t\t\t<div class=\"overlay\"><\/div>\n\t\t\t\t\t\t<\/figure>\n\t\t\t\t\t\t<div class=\"slider-content\">\n\t\t\t\t\t\t\t<div class=\"tg-container\">\n\t\t\t\t\t\t\t\t<div class=\"caption-title\"><\/div>\n\t\t\t\t\t\t\t\t<div class=\"caption-desc\"><\/div>\n\t\t\t\t\t\t\t\t\t\t\t\t\t\t\t<\/div>\n\t\t\t\t\t\t<\/div>\n\t\t\t\t\t<\/div>\n\n\t\t\t\t\n\t\t\t\t\t<div class=\"swiper-slide\">\n\t\t\t\t\t\t<figure class=\"slider-image\" >\n\t\t\t\t\t\t\t<img width=\"1500\" height=\"500\"\t\t\t\t\t\t\t\t\tsrc=\"http:\/\/www.asiyezoroglu.com\/wp-content\/uploads\/2020\/07\/6.png\"\n\t\t\t\t\t\t\t\t\talt=\"\u00d6ZGE\u00c7M\u0130\u015e\"\n\t\t\t\t\t\t\t\t\ttitle=\"\u00d6ZGE\u00c7M\u0130\u015e\"\/>\n\t\t\t\t\t\t\t<div class=\"overlay\"><\/div>\n\t\t\t\t\t\t<\/figure>\n\t\t\t\t\t\t<div class=\"slider-content\">\n\t\t\t\t\t\t\t<div class=\"tg-container\">\n\t\t\t\t\t\t\t\t<div class=\"caption-title\">\u00d6ZGE\u00c7M\u0130\u015e<\/div>\n\t\t\t\t\t\t\t\t<div class=\"caption-desc\"><\/div>\n\t\t\t\t\t\t\t\t\t\t\t\t\t\t\t\t\t<div class=\"btn-wrapper\">\n\t\t\t\t\t\t\t\t\t\t<a href=\"http:\/\/www.asiyezoroglu.com\/?page_id=667\">T\u0131klay\u0131n\u0131z<\/a>\n\t\t\t\t\t\t\t\t\t<\/div>\n\t\t\t\t\t\t\t\t\t\t\t\t\t\t\t<\/div>\n\t\t\t\t\t\t<\/div>\n\t\t\t\t\t<\/div>\n\n\t\t\t\t\n\t\t\t\t\t<div class=\"swiper-slide\">\n\t\t\t\t\t\t<figure class=\"slider-image\" >\n\t\t\t\t\t\t\t<img width=\"1500\" height=\"500\"\t\t\t\t\t\t\t\t\tsrc=\"http:\/\/www.asiyezoroglu.com\/wp-content\/uploads\/2020\/06\/WhatsApp-Image-2020-06-16-at-17.30.20.jpeg\"\n\t\t\t\t\t\t\t\t\talt=\"AKADEM\u0130\"\n\t\t\t\t\t\t\t\t\ttitle=\"AKADEM\u0130\"\/>\n\t\t\t\t\t\t\t<div class=\"overlay\"><\/div>\n\t\t\t\t\t\t<\/figure>\n\t\t\t\t\t\t<div class=\"slider-content\">\n\t\t\t\t\t\t\t<div class=\"tg-container\">\n\t\t\t\t\t\t\t\t<div class=\"caption-title\">AKADEM\u0130<\/div>\n\t\t\t\t\t\t\t\t<div class=\"caption-desc\"><\/div>\n\t\t\t\t\t\t\t\t\t\t\t\t\t\t\t\t\t<div class=\"btn-wrapper\">\n\t\t\t\t\t\t\t\t\t\t<a href=\"http:\/\/www.asiyezoroglu.com\/?page_id=668\">T\u0131klay\u0131n\u0131z<\/a>\n\t\t\t\t\t\t\t\t\t<\/div>\n\t\t\t\t\t\t\t\t\t\t\t\t\t\t\t<\/div>\n\t\t\t\t\t\t<\/div>\n\t\t\t\t\t<\/div>\n\n\t\t\t\t\n\t\t\t\t\t<div class=\"swiper-slide\">\n\t\t\t\t\t\t<figure class=\"slider-image\" >\n\t\t\t\t\t\t\t<img width=\"1500\" height=\"500\"\t\t\t\t\t\t\t\t\tsrc=\"http:\/\/www.asiyezoroglu.com\/wp-content\/uploads\/2020\/07\/8.png\"\n\t\t\t\t\t\t\t\t\talt=\"YAZILARIM\"\n\t\t\t\t\t\t\t\t\ttitle=\"YAZILARIM\"\/>\n\t\t\t\t\t\t\t<div class=\"overlay\"><\/div>\n\t\t\t\t\t\t<\/figure>\n\t\t\t\t\t\t<div class=\"slider-content\">\n\t\t\t\t\t\t\t<div class=\"tg-container\">\n\t\t\t\t\t\t\t\t<div class=\"caption-title\">YAZILARIM<\/div>\n\t\t\t\t\t\t\t\t<div class=\"caption-desc\"><\/div>\n\t\t\t\t\t\t\t\t\t\t\t\t\t\t\t\t\t<div class=\"btn-wrapper\">\n\t\t\t\t\t\t\t\t\t\t<a href=\"http:\/\/www.asiyezoroglu.com\/?page_id=641\">T\u0131klay\u0131n\u0131z<\/a>\n\t\t\t\t\t\t\t\t\t<\/div>\n\t\t\t\t\t\t\t\t\t\t\t\t\t\t\t<\/div>\n\t\t\t\t\t\t<\/div>\n\t\t\t\t\t<\/div>\n\n\t\t\t\t\n\t\t\t\t\t<div class=\"swiper-slide\">\n\t\t\t\t\t\t<figure class=\"slider-image\" >\n\t\t\t\t\t\t\t<img width=\"1500\" height=\"500\"\t\t\t\t\t\t\t\t\tsrc=\"http:\/\/www.asiyezoroglu.com\/wp-content\/uploads\/2020\/07\/3.png\"\n\t\t\t\t\t\t\t\t\talt=\"B\u0130LG\u0130SEL\"\n\t\t\t\t\t\t\t\t\ttitle=\"B\u0130LG\u0130SEL\"\/>\n\t\t\t\t\t\t\t<div class=\"overlay\"><\/div>\n\t\t\t\t\t\t<\/figure>\n\t\t\t\t\t\t<div class=\"slider-content\">\n\t\t\t\t\t\t\t<div class=\"tg-container\">\n\t\t\t\t\t\t\t\t<div class=\"caption-title\">B\u0130LG\u0130SEL<\/div>\n\t\t\t\t\t\t\t\t<div class=\"caption-desc\"><\/div>\n\t\t\t\t\t\t\t\t\t\t\t\t\t\t\t\t\t<div class=\"btn-wrapper\">\n\t\t\t\t\t\t\t\t\t\t<a href=\"http:\/\/www.asiyezoroglu.com\/?page_id=670\">T\u0131klay\u0131n\u0131z<\/a>\n\t\t\t\t\t\t\t\t\t<\/div>\n\t\t\t\t\t\t\t\t\t\t\t\t\t\t\t<\/div>\n\t\t\t\t\t\t<\/div>\n\t\t\t\t\t<\/div>\n\n\t\t\t\t\t\t<\/div>\n\t\t<div class=\"swiper-pagination\"><\/div>\n\t\t<div class=\"slider-arrow\">\n\t\t\t<div class=\"swiper-button-next\"><\/div>\n\t\t\t<div class=\"swiper-button-prev\"><\/div>\n\t\t<\/div>\n\t<\/div>\n<\/div>\n<\/div><div id=\"panel-642-0-0-1\" class=\"so-panel widget widget_text panel-last-child\" data-index=\"1\" ><div class=\"panel-widget-style panel-widget-style-for-642-0-0-1\" >\t\t\t<div class=\"textwidget\"><p>&#8220;G\u00fc\u00e7l\u00fc yanlar\u0131n\u0131za odaklan\u0131n ancak onlarla fark yaratabilirsiniz\u201d diyor ve ekliyor Peter Drucker \u201c\u0130nsanlar\u0131n bir\u00e7o\u011fu, hangi konularda iyi oldu\u011funu bildi\u011fini d\u00fc\u015f\u00fcn\u00fcr; fakat genellikle yan\u0131l\u0131rlar.&#8221;<\/p>\n<p>\u201cNosce te ipsum\u201d<br \/>\n\u201cKendini Bil\u201d<\/p>\n<\/div>\n\t\t<\/div><\/div><\/div><\/div><\/div><\/div>","protected":false},"excerpt":{"rendered":"<p>&#8220;G\u00fc\u00e7l\u00fc yanlar\u0131n\u0131za odaklan\u0131n ancak onlarla fark yaratabilirsiniz\u201d diyor ve ekliyor Peter Drucker \u201c\u0130nsanlar\u0131n bir\u00e7o\u011fu, hangi konularda iyi oldu\u011funu bildi\u011fini d\u00fc\u015f\u00fcn\u00fcr; [&hellip;]<\/p>\n","protected":false},"author":1,"featured_media":0,"parent":0,"menu_order":0,"comment_status":"closed","ping_status":"closed","template":"page-templates\/pagebuilder.php","meta":{"footnotes":""},"class_list":["post-642","page","type-page","status-publish","hentry"],"_links":{"self":[{"href":"http:\/\/www.asiyezoroglu.com\/index.php?rest_route=\/wp\/v2\/pages\/642","targetHints":{"allow":["GET"]}}],"collection":[{"href":"http:\/\/www.asiyezoroglu.com\/index.php?rest_route=\/wp\/v2\/pages"}],"about":[{"href":"http:\/\/www.asiyezoroglu.com\/index.php?rest_route=\/wp\/v2\/types\/page"}],"author":[{"embeddable":true,"href":"http:\/\/www.asiyezoroglu.com\/index.php?rest_route=\/wp\/v2\/users\/1"}],"replies":[{"embeddable":true,"href":"http:\/\/www.asiyezoroglu.com\/index.php?rest_route=%2Fwp%2Fv2%2Fcomments&post=642"}],"version-history":[{"count":68,"href":"http:\/\/www.asiyezoroglu.com\/index.php?rest_route=\/wp\/v2\/pages\/642\/revisions"}],"predecessor-version":[{"id":867,"href":"http:\/\/www.asiyezoroglu.com\/index.php?rest_route=\/wp\/v2\/pages\/642\/revisions\/867"}],"wp:attachment":[{"href":"http:\/\/www.asiyezoroglu.com\/index.php?rest_route=%2Fwp%2Fv2%2Fmedia&parent=642"}],"curies":[{"name":"wp","href":"https:\/\/api.w.org\/{rel}","templated":true}]}}