{"id":667,"date":"2020-06-28T11:43:17","date_gmt":"2020-06-28T11:43:17","guid":{"rendered":"http:\/\/www.asiyezoroglu.com\/?page_id=667"},"modified":"2026-02-27T13:53:23","modified_gmt":"2026-02-27T13:53:23","slug":"ozgecmis","status":"publish","type":"page","link":"http:\/\/www.asiyezoroglu.com\/?page_id=667","title":{"rendered":"\u00d6ZGE\u00c7M\u0130\u015e"},"content":{"rendered":"\n<h2 class=\"wp-block-heading\"><strong>AS\u0130YE ZORO\u011eLU<\/strong><\/h2>\n\n\n\n<p>\u0130lk, orta ve lise \u00f6\u011frenimini Giresun\u2019da tamamlad\u0131. 2007 y\u0131l\u0131nda Cumhuriyet \u00dcniversitesi \u0130ktisadi ve \u0130dari Bilimler Fak\u00fcltesi\u2019ni birincilikle bitirdi. 2009 y\u0131l\u0131nda Anadolu \u00dcniversitesi \u0130\u015fletme Fak\u00fcltesi\u2019nden mezun oldu. 2015 y\u0131l\u0131nda Marmara \u00dcniversitesi\u2019nde Y\u00f6netim ve Organizasyon alan\u0131nda y\u00fcksek lisans\u0131n\u0131 tamamlayan Zoro\u011flu, 2019 y\u0131l\u0131nda \u0130stanbul Medipol \u00dcniversitesi \u0130\u015f Sa\u011fl\u0131\u011f\u0131 ve G\u00fcvenli\u011fi y\u00fcksek lisans program\u0131ndan mezun oldu. Bakanl\u0131k onayl\u0131 \u0130\u015f G\u00fcvenli\u011fi Uzmanl\u0131\u011f\u0131 Ba\u015far\u0131 Sertifikas\u0131n\u0131 ald\u0131. \u0130stanbul Medipol \u00dcniversitesi\u2019nde Y\u00f6netim ve Strateji b\u00f6l\u00fcm\u00fcnde Doktora \u00e7al\u0131\u015fmalar\u0131na devam etmektedir.<\/p>\n\n\n\n<p>Toplumsal fayda odakl\u0131 bir paradigma geli\u015ftirmek amac\u0131yla Anadolu \u00dcniversitesi Sosyoloji B\u00f6l\u00fcm\u00fc\u2019n\u00fc bitiren Zoro\u011flu; spor alan\u0131ndaki derin saha tecr\u00fcbesini akademik bir disiplinle ta\u00e7land\u0131rmak \u00fczere 2025 y\u0131l\u0131nda \u0130stanbul \u00dcniversitesi Egzersiz ve Spor Bilimleri B\u00f6l\u00fcm\u00fc\u2019nden \u00fc\u00e7\u00fcnc\u00fc lisans derecesini alarak mezun olmu\u015ftur.<\/p>\n\n\n\n<p>Profesyonel i\u015f hayat\u0131na 2008 y\u0131l\u0131nda \u0130stanbul B\u00fcy\u00fck\u015fehir Belediyesi Spor \u0130stanbul Genel M\u00fcd\u00fcrl\u00fc\u011f\u00fc\u2019nde ba\u015flad\u0131. Burada Stratejik Planlama ve Kalite Y\u00f6netim Temsilcili\u011fi ile Sistem Geli\u015ftirme \u015eefli\u011fi g\u00f6revlerinin ard\u0131ndan, Haziran 2018 &#8211; \u015eubat 2020 tarihleri aras\u0131nda Proje Geli\u015ftirme M\u00fcd\u00fcr\u00fc olarak g\u00f6rev yapt\u0131. ISO 9001, OHSAS 18001 ve ISO 14001 y\u00f6netim sistemlerinde Ba\u015f Denet\u00e7i unvan\u0131na sahip olan Zoro\u011flu, ayr\u0131ca CCPMP02-Project Management with PMI\u00ae Standards and PMP\u00ae Certification Exam Preparation (PMI Standartlar\u0131nda Proje Y\u00f6netimi) e\u011fitim program\u0131n\u0131 tamamlam\u0131\u015ft\u0131r. \u00c7al\u0131\u015fmalar\u0131n\u0131 uluslararas\u0131 platformlarda da s\u00fcrd\u00fcrmektedir.<\/p>\n\n\n\n<p>Kariyeri boyunca \u00e7e\u015fitli sivil toplum kurulu\u015flar\u0131nda profesyonel ve g\u00f6n\u00fcll\u00fc olarak aktif roller \u00fcstlenen Zoro\u011flu; T\u00fcrkiye Karate Federasyonu Proje Kurulu \u00dcyesi olarak g\u00f6rev yapmakta ve edindi\u011fi birikimleri toplumsal hareketlilik oda\u011f\u0131nda aktarmak amac\u0131yla kurdu\u011fu Aktif \u015eehirler Derne\u011fi\u2019nde Kurucu Ba\u015fkan olarak \u00e7al\u0131\u015fmalar\u0131n\u0131 s\u00fcrd\u00fcrmektedir.<\/p>\n\n\n\n<p><strong>&nbsp;&nbsp;&nbsp;&nbsp;&nbsp;&nbsp;&nbsp; AKADEM\u0130K \u00c7ALI\u015eMALAR<\/strong><\/p>\n\n\n\n<ul class=\"wp-block-list\">\n<li>2019, \u201cKapal\u0131 Y\u00fczme Havuzu Sular\u0131n\u0131n Dezenfeksiyonunda Kullan\u0131lan Venturi Ozon Sisteminin Toksikolojik A\u00e7\u0131dan \u0130ncelenmesi\u201d, \u0130stanbul Medipol \u00dcniversitesi, Sosyal Bilimler Ensit\u00fcs\u00fc, Sayfa:73.<\/li>\n\n\n\n<li>2016, \u201c\u00d6rg\u00fctsel \u0130\u015f Tatmini Fakt\u00f6rleri ve \u00d6rg\u00fctsel Ba\u011fl\u0131l\u0131k \u0130li\u015fkisi \u00dczerine Bir Ara\u015ft\u0131rma\u201d, Marmara \u00dcniversitesi Sosyal Bilimler Enstit\u00fcs\u00fc, Sayfa: 53.<\/li>\n<\/ul>\n\n\n\n<p><strong>&nbsp;&nbsp;&nbsp;&nbsp;&nbsp;&nbsp;&nbsp;&nbsp; UZMANLIKLAR<\/strong><\/p>\n\n\n\n<ul class=\"wp-block-list\">\n<li>Kalite Y\u00f6netim Sistemleri<\/li>\n\n\n\n<li>Stratejik Planlama ve Performans Raporu<\/li>\n\n\n\n<li>S\u00fcre\u00e7 Y\u00f6netimi<\/li>\n\n\n\n<li>\u0130\u00e7 Denetim<\/li>\n\n\n\n<li>\u0130\u015f Sa\u011fl\u0131\u011f\u0131 ve G\u00fcvenli\u011fi<\/li>\n\n\n\n<li>Proje Y\u00f6netimi<\/li>\n\n\n\n<li>\u0130\u015f Geli\u015ftirme<\/li>\n\n\n\n<li>Avrupa Birli\u011fi Projeleri(Erasmus+ KA1, KA2, Stratejik Ortakl\u0131klar<\/li>\n<\/ul>\n\n\n\n<p>&nbsp;&nbsp;<strong>DENEY\u0130M<\/strong><\/p>\n\n\n\n<p><strong>\u00b7 2018- 2020 SPOR \u0130STANBUL PROJE GEL\u0130\u015eT\u0130RME M\u00dcD\u00dcRL\u00dc\u011e\u00dc\/PROJE GEL\u0130\u015eT\u0130RME M\u00dcD\u00dcR\u00dc<\/strong><\/p>\n\n\n\n<ul class=\"wp-block-list\">\n<li>Yeni projeler, spor tesis i\u015fletmecili\u011fi ve spor etkinlikleri faaliyetlerinde politika \u00fcretmek, i\u015f ve sistem geli\u015ftirmek.&nbsp;<\/li>\n\n\n\n<li>Ulusal ve uluslararas\u0131 hibe programlar\u0131n\u0131n takibini yapmak, ilgili proje \u00e7a\u011fr\u0131lar\u0131na yap\u0131lacak ba\u015fvurular ile ilgili program haz\u0131rlamak.<\/li>\n\n\n\n<li>Proje ba\u015fvurular\u0131 haz\u0131rl\u0131k a\u015famalar\u0131nda potansiyel ortak adaylar\u0131 ile g\u00f6r\u00fc\u015fmeleri y\u00fcr\u00fctmek.<\/li>\n\n\n\n<li>Ulusal ve uluslararas\u0131 hibe veren kurumlara \u015firket ad\u0131na yap\u0131lacak proje ba\u015fvurular\u0131n\u0131 haz\u0131rlanmak ve y\u00fcr\u00fctmek.<\/li>\n\n\n\n<li>Projelerin kabul\u00fc sonras\u0131nda s\u00f6zle\u015fme imzalanmas\u0131 s\u00fcre\u00e7lerini takip etmek.<\/li>\n\n\n\n<li>Projelerin y\u00fcr\u00fct\u00fclmesi s\u00fcre\u00e7lerini \u015firket ad\u0131na takip etmek; ilgili birimler, proje ortaklar\u0131 ve s\u00f6zle\u015fme makamlar\u0131 ile ileti\u015fimi y\u00f6netmek.<\/li>\n\n\n\n<li>Sportif geli\u015fmeler ile ilgili ara\u015ft\u0131rmalar yapmak, raporlamak.<\/li>\n\n\n\n<li>Sportif yat\u0131r\u0131mlar ile ilgili master planlar haz\u0131rlamak.<\/li>\n<\/ul>\n\n\n\n<p><strong>Y\u00fcr\u00fctt\u00fc\u011f\u00fc Projeler<\/strong><\/p>\n\n\n\n<ul class=\"wp-block-list\">\n<li>Fark\u0131n Olsun Proje Yar\u0131\u015fmas\u0131 Genel Koordinat\u00f6rl\u00fc\u011f\u00fc,<\/li>\n\n\n\n<li>Spor K\u00fclt\u00fcr\u00fc \u00c7al\u0131\u015ftay\u0131 Koordinat\u00f6rl\u00fc\u011f\u00fc,<\/li>\n\n\n\n<li>\u0130stanbul Maratonu Koordinat\u00f6rl\u00fc\u011f\u00fc,<\/li>\n\n\n\n<li>\u0130stanbul Yar\u0131 Maratonu Koordinat\u00f6rl\u00fc\u011f\u00fc,<\/li>\n\n\n\n<li>Maraton ve Spor Fuar\u0131 Koordinat\u00f6rl\u00fc\u011f\u00fc,<\/li>\n\n\n\n<li>\u0130stanbul\u2019 u Ko\u015fuyorum Koordinat\u00f6rl\u00fc\u011f\u00fc,<\/li>\n\n\n\n<li>\u0130stanbul \u00c7ocuk Maratonu Koordinat\u00f6rl\u00fc\u011f\u00fc,<\/li>\n\n\n\n<li>Spor \u0130stanbul NBA Yetenek Ligi Koordinat\u00f6rl\u00fc\u011f\u00fc,<\/li>\n\n\n\n<li>Maraton Destek Noktalar\u0131 Koordinat\u00f6rl\u00fc\u011f\u00fc,<\/li>\n\n\n\n<li>Ye\u015fil Pil Projesi Genel Koordinat\u00f6rl\u00fc\u011f\u00fc,<\/li>\n\n\n\n<li>Ofis Oyunlar\u0131 Projesi Koordinat\u00f6rl\u00fc\u011f\u00fc,<\/li>\n\n\n\n<li>Hareket Ofiste Projesi Koordinat\u00f6rl\u00fc\u011f\u00fc,<\/li>\n\n\n\n<li>Erasmus KA1, KA2 Proje Koordinat\u00f6rl\u00fc\u011f\u00fc.<\/li>\n<\/ul>\n\n\n\n<p><strong>\u00b7 2018 \u20132014 SPOR \u0130STANBUL \u0130NSAN KAYNAKLARI M\u00dcD\u00dcRL\u00dc\u011e\u00dc\/S\u0130STEM GEL\u0130\u015eT\u0130RME \u015eEF\u0130<\/strong><\/p>\n\n\n\n<ul class=\"wp-block-list\">\n<li>Kurumsalla\u015fma faaliyetleriyle ilgili politika \u00fcretmek ve sistem geli\u015ftirme konular\u0131nda bir \u00fcst amirine yard\u0131mc\u0131 olmak.<\/li>\n\n\n\n<li>Birimine ait stratejik ama\u00e7, hedef, faaliyet\/proje ile ilgili faaliyetleri belirlemede bir \u00fcst amirine yard\u0131mc\u0131 olmak ve takip etmek.<\/li>\n\n\n\n<li>Kalite Y\u00f6netim Sistemi, Kalite Dok\u00fcman Y\u00f6netim Sistemi(QDMS)&nbsp; faaliyetlerinin planlamas\u0131, organizasyonu, y\u00fcr\u00fctme, koordinasyon ve kontrol\u00fc ile ilgili s\u00fcre\u00e7leri koordine ve takip etmek.<\/li>\n\n\n\n<li>Y\u00f6netim ad\u0131na i\u00e7 denetim ger\u00e7ekle\u015ftirmek ve raporlamak.<\/li>\n\n\n\n<li>Kurumsal Kaynak Planlamas\u0131(ERP) Projesi ile e\u015fg\u00fcd\u00fcml\u00fc birimlerin prosed\u00fcr, i\u015f ak\u0131\u015f \u015femas\u0131, talimat ve formalar\u0131n\u0131 Kalite Y\u00f6netim Sistemi, Stratejik Y\u00f6netim Sistemi a\u00e7\u0131s\u0131ndan uygunlu\u011funu kontrol etmek ve onaylamak.<\/li>\n\n\n\n<li>Stratejik plan faaliyetlerinin planlamas\u0131, organizasyonu, y\u00fcr\u00fctme, koordinasyon ve kontrol\u00fc ile ilgili s\u00fcre\u00e7leri koordine ve takip eder. Y\u0131ll\u0131k Performans Raporunu kontrol etmek ve \u00fcst y\u00f6netimin onay\u0131na sunmak.<\/li>\n\n\n\n<li>Y\u00f6netim kurulu y\u0131ll\u0131k faaliyet raporlar\u0131n\u0131n haz\u0131rlanmas\u0131 s\u00fcre\u00e7lerinin planlamas\u0131, organizasyonu, y\u00fcr\u00fctme, koordinasyon ve kontrol\u00fc ile ilgili s\u00fcre\u00e7leri koordine ve takip etmek.<\/li>\n\n\n\n<li>Dok\u00fcmanlar\u0131n Kontrol\u00fc, Kay\u0131tlar\u0131n Kontrol\u00fc, \u0130\u00e7 Tetkik, S\u00fcrekli \u0130yile\u015ftirme, Uygun Olmayan \u00dcr\u00fcn, Y\u00f6netimi G\u00f6zden Ge\u00e7irme, Personel \u00d6neri Sistemi Prosed\u00fcrlerini, G\u00f6rev Tan\u0131mlar\u0131, \u00c7al\u0131\u015fan Memnuniyet Ara\u015ft\u0131rmas\u0131 ile ilgili faaliyetleri kontrol etmek ve onaylamak.<\/li>\n<\/ul>\n\n\n\n<p><strong>\u00b7 2014 \u2013 2012 SPOR \u0130STANBUL \u0130NSAN KAYNAKLARI M\u00dcD\u00dcRL\u00dc\u011e\u00dc\/S\u0130STEM GEL\u0130\u015eT\u0130RME PERSONEL\u0130<\/strong><\/p>\n\n\n\n<p><strong>\u00b7 2012 \u2013 2008 SPOR \u0130STANBUL GENEL M\u00dcD\u00dcR\/STRATEJ\u0130 GEL\u0130\u015eT\u0130RME ve KAL\u0130TE Y\u00d6NET\u0130M TEMS\u0130LC\u0130L\u0130\u011e\u0130 B\u00dcRO PERSONEL\u0130<\/strong><\/p>\n\n\n\n<ul class=\"wp-block-list\">\n<li>Kalite Y\u00f6netim Sistemi, Kalite Dok\u00fcman Y\u00f6netim Sistemi(QDMS) faaliyetlerinin planlamas\u0131, organizasyonu, y\u00fcr\u00fctme, koordinasyon ve kontrol\u00fc ile ilgili s\u00fcre\u00e7leri yapmak.<\/li>\n\n\n\n<li>Kurumsal Kaynak Planlamas\u0131(ERP) Projesi ile e\u015fg\u00fcd\u00fcml\u00fc birimlerin prosed\u00fcr, i\u015f ak\u0131\u015f \u015femas\u0131, talimat ve formalar\u0131n\u0131 Kalite Y\u00f6netim Sistemi, Stratejik Y\u00f6netim Sistemi a\u00e7\u0131s\u0131ndan uygunlu\u011funu kontrol etmek.<\/li>\n\n\n\n<li>Stratejik plan faaliyetlerinin planlamas\u0131, organizasyonu, y\u00fcr\u00fctme, koordinasyon ve kontrol\u00fc ile ilgili s\u00fcre\u00e7leri yapmak. Y\u0131ll\u0131k Performans Raporunu haz\u0131rlamak.<\/li>\n\n\n\n<li>Y\u00f6netim kurulu y\u0131ll\u0131k faaliyet raporlar\u0131n\u0131n haz\u0131rlanmas\u0131 s\u00fcre\u00e7lerinin planlamas\u0131, organizasyonu, y\u00fcr\u00fctme, koordinasyon ve kontrol\u00fc ile ilgili s\u00fcre\u00e7leri yapmak.<\/li>\n\n\n\n<li>Dok\u00fcmanlar\u0131n Kontrol\u00fc, Kay\u0131tlar\u0131n Kontrol\u00fc, \u0130\u00e7 Tetkik, S\u00fcrekli \u0130yile\u015ftirme, Uygun Olmayan \u00dcr\u00fcn, Y\u00f6netimi G\u00f6zden Ge\u00e7irme, Personel \u00d6neri Sistemi Prosed\u00fcrlerini, G\u00f6rev Tan\u0131mlar\u0131, \u00c7al\u0131\u015fan Memnuniyet Ara\u015ft\u0131rmas\u0131 ile ilgili faaliyetleri yapmak.<\/li>\n<\/ul>\n\n\n\n<p><strong>ALDI\u011eI SERT\u0130F\u0130KALAR<\/strong><\/p>\n\n\n\n<ul class=\"wp-block-list\">\n<li>CCPMP02-Project Management with PMI\u00ae Standards and PMP\u00ae Certification Exam Preparation Training Programme, ARGE Grup, 2023.<\/li>\n\n\n\n<li>Erasmus+KA1, KA2,&nbsp;<a href=\"http:\/\/eurodesk.ua.gov.tr\/temas-noktalari.aspx\">Eurodesk<\/a>, 2019.<\/li>\n\n\n\n<li>World Marketing Summit, \u0130stanbul Ticaret Odas\u0131, 2018.<\/li>\n\n\n\n<li>Brand &amp; Sport Summit, Sportsnetgroup, 2018.<\/li>\n\n\n\n<li><strong>26. Kalite Kongresi, T\u00fcrkiye Kalite Derne\u011fi, 2017.<\/strong><\/li>\n\n\n\n<li>2. Futbol Zirvesi, T\u00fcrkiye Futbol Federasyonu, 2017.<\/li>\n\n\n\n<li><strong>\u0130\u015f Hukuku E\u011fitimi, Ko\u00e7ak E\u011fitim&amp;Dan\u0131\u015fmanl\u0131k, 2016.<\/strong><\/li>\n\n\n\n<li><strong>\u0130\u015f Sa\u011fl\u0131\u011f\u0131 ve G\u00fcvenli\u011fi Uzmanl\u0131k Sertifikas\u0131, T.C. Aile, \u00c7al\u0131\u015fma ve Sosyal Hizmetler Bakanl\u0131\u011f\u0131, 2015.<\/strong><\/li>\n\n\n\n<li><strong>Kamu \u0130hale Mevzuat\u0131 ve Uygulamas\u0131, Ekim 2015, K\u0130M Akademi, 2015.<\/strong><\/li>\n\n\n\n<li>QDMS Y\u00f6netici E\u011fitimi, Bimser \u00c7\u00f6z\u00fcm, Mart-May\u0131s 2012.<\/li>\n\n\n\n<li>M\u00fc\u015fteri Memnuniyeti E\u011fitim, , TSE, 2012.<\/li>\n\n\n\n<li><strong>OHSAS 18001:2007 Ba\u015f Tetkik\u00e7i E\u011fitimi(45 Saat),&nbsp; Capable People, 2011<\/strong>.<\/li>\n\n\n\n<li><strong>ISO 14001:2004 Ba\u015f Tetkik\u00e7i E\u011fitimi(45 Saat),&nbsp; Capable People, May\u0131s 2011.<\/strong><\/li>\n\n\n\n<li>ISO 14001:2004-OHSAS 18001:2007 Entegre Y\u00f6netim Sistemi Bilgilendirme E\u011fitimi, Swiss Certification, 2011.<\/li>\n\n\n\n<li><strong>ISO 9001:2008 Kalite Y\u00f6n. Sistemi Ba\u015f Tetkik\u00e7i E\u011fitimi QMS Auditor\/Lead Auditor(45 Saat), Capable People, 2010<\/strong>.<\/li>\n<\/ul>\n\n\n\n<p><strong>\u00dcYE OLDU\u011eU DERNEKLER<\/strong><\/p>\n\n\n\n<ul class=\"wp-block-list\">\n<li>T\u00fcrkiye Kalite Derne\u011fi (KALDER).<\/li>\n\n\n\n<li>\u0130lk Sen Ol Derne\u011fi Y\u00f6netim Kurulu \u00dcyesi<\/li>\n\n\n\n<li>Aktif \u015eehirler Y\u00f6netim Kurulu Ba\u015fkan\u0131<\/li>\n<\/ul>\n\n\n\n<p><strong>B\u0130LG\u0130SAYAR BECER\u0130S\u0130<\/strong><\/p>\n\n\n\n<ul class=\"wp-block-list\">\n<li>Microsoft Office Programlar\u0131: \u0130leri Derecede (Word \u2013 Excel \u2013 Power Point,-Visio).<\/li>\n\n\n\n<li>Microsoft Dynamics Ax.<\/li>\n\n\n\n<li>QDMS Yaz\u0131l\u0131m\u0131.<\/li>\n<\/ul>\n\n\n\n<p><strong>&nbsp;\u0130LG\u0130 ALANLARI<\/strong><\/p>\n\n\n\n<ul class=\"wp-block-list\">\n<li>&nbsp;&nbsp;Spor, Seyahat, Antik Kentler, Sosyoloji, Tarih, Edebiyat, Sinema.<\/li>\n<\/ul>\n","protected":false},"excerpt":{"rendered":"<p>AS\u0130YE ZORO\u011eLU \u0130lk, orta ve lise \u00f6\u011frenimini Giresun\u2019da tamamlad\u0131. 2007 y\u0131l\u0131nda Cumhuriyet \u00dcniversitesi \u0130ktisadi ve \u0130dari Bilimler Fak\u00fcltesi\u2019ni birincilikle bitirdi. [&hellip;]<\/p>\n","protected":false},"author":1,"featured_media":0,"parent":0,"menu_order":0,"comment_status":"closed","ping_status":"closed","template":"","meta":{"footnotes":""},"class_list":["post-667","page","type-page","status-publish","hentry"],"_links":{"self":[{"href":"http:\/\/www.asiyezoroglu.com\/index.php?rest_route=\/wp\/v2\/pages\/667","targetHints":{"allow":["GET"]}}],"collection":[{"href":"http:\/\/www.asiyezoroglu.com\/index.php?rest_route=\/wp\/v2\/pages"}],"about":[{"href":"http:\/\/www.asiyezoroglu.com\/index.php?rest_route=\/wp\/v2\/types\/page"}],"author":[{"embeddable":true,"href":"http:\/\/www.asiyezoroglu.com\/index.php?rest_route=\/wp\/v2\/users\/1"}],"replies":[{"embeddable":true,"href":"http:\/\/www.asiyezoroglu.com\/index.php?rest_route=%2Fwp%2Fv2%2Fcomments&post=667"}],"version-history":[{"count":10,"href":"http:\/\/www.asiyezoroglu.com\/index.php?rest_route=\/wp\/v2\/pages\/667\/revisions"}],"predecessor-version":[{"id":960,"href":"http:\/\/www.asiyezoroglu.com\/index.php?rest_route=\/wp\/v2\/pages\/667\/revisions\/960"}],"wp:attachment":[{"href":"http:\/\/www.asiyezoroglu.com\/index.php?rest_route=%2Fwp%2Fv2%2Fmedia&parent=667"}],"curies":[{"name":"wp","href":"https:\/\/api.w.org\/{rel}","templated":true}]}}