{"id":668,"date":"2020-06-28T11:43:17","date_gmt":"2020-06-28T11:43:17","guid":{"rendered":"http:\/\/www.asiyezoroglu.com\/?page_id=668"},"modified":"2025-06-04T11:48:11","modified_gmt":"2025-06-04T11:48:11","slug":"akademik","status":"publish","type":"page","link":"http:\/\/www.asiyezoroglu.com\/?page_id=668","title":{"rendered":"AKADEM\u0130K"},"content":{"rendered":"\n<p><strong><a href=\"https:\/\/www.aktifsehirler.org\/wp-content\/uploads\/2025\/05\/politika-belgesi.pdf\" target=\"_blank\" rel=\"noreferrer noopener\">AKT\u0130F \u015eEH\u0130R POL\u0130T\u0130KALARINA GEN\u00c7 BAKI\u015e PROJES\u0130 POL\u0130T\u0130KA BELGES\u0130<\/a><\/strong><\/p>\n\n\n\n<p><strong><a href=\"https:\/\/www.aktifsehirler.org\/erasmus-gunleri\/\" target=\"_blank\" rel=\"noreferrer noopener\">ERASMUS DAY<\/a><\/strong><\/p>\n\n\n\n<p><strong><a href=\"https:\/\/www.aktifsehirler.org\/avrupa-spor-haftasi\/\" target=\"_blank\" rel=\"noreferrer noopener\">AVRUPA SPOR HAFTASI<\/a><\/strong><\/p>\n\n\n\n<p><strong><a href=\"https:\/\/www.aktifsehirler.org\/avrupa-hareketlilik-haftasi-hakkinda-her-sey\/\" target=\"_blank\" rel=\"noreferrer noopener\">AVRUPA HAREKETL\u0130L\u0130K HAFTASI HAKKINDA HER \u015eEY<\/a><\/strong><\/p>\n\n\n\n<p><strong><a href=\"https:\/\/www.aktifsehirler.org\/15-dakikalik-sehirler\/\" target=\"_blank\" rel=\"noreferrer noopener\">15 DAK\u0130KALIK \u015eEH\u0130RLER<\/a><\/strong><\/p>\n\n\n\n<p><strong><a href=\"http:\/\/www.asiyezoroglu.com\/akademi\/entelektuel_sermayenin_olculmesi.pdf\" target=\"_blank\" rel=\"noreferrer noopener\">ENTELEKT\u00dcEL SERMAYE&#8217;N\u0130N \u00d6L\u00c7\u00dcLMES\u0130<\/a><\/strong><\/p>\n\n\n\n<p>G\u00fcn\u00fcm\u00fczde bir \u015firketi de\u011ferlendirirken sadece fiziksel ve finansal sermayelerini dikkate alan y\u00f6neticiler, yat\u0131r\u0131mc\u0131lar ya da konuyla ilgili herhangi biri Titanic\u2019teki bir yolcu olmaktan ileriye gidemeyecektir. \u00c7\u00fcnk\u00fc buz da\u011f\u0131n\u0131 sadece g\u00f6r\u00fcn\u00fcr k\u0131sm\u0131yla de\u011ferlendirmekte ve as\u0131l g\u00fcc\u00fc olu\u015fturan ve g\u00f6r\u00fcnmez varl\u0131klar\u0131 temsil eden entelekt\u00fcel sermayeyi g\u00f6zard\u0131 etmektedirler. Bu ara\u015ft\u0131rman\u0131n amac\u0131, Borsa \u0130stanbul\u2019 da i\u015flem g\u00f6ren perakende ticaret \u015firketlerinin entelekt\u00fcel sermayelerini \u201cPiyasa De\u011feri\/Defter De\u011feri Oran\u0131 Y\u00f6ntemi\u201d kullan\u0131larak \u00f6l\u00e7mek ve \u00e7\u0131kan de\u011ferleri sekt\u00f6r ortalamas\u0131 ile k\u0131yaslamakt\u0131r.<\/p>\n\n\n\n<p><a href=\"http:\/\/www.asiyezoroglu.com\/akademi\/blok_zincir_sistematigi.pdf\" target=\"_blank\" rel=\"noreferrer noopener\"><strong>BLOG Z\u0130NC\u0130R S\u0130STEMAT\u0130\u011e\u0130<\/strong><\/a><\/p>\n\n\n\n<p>G\u00fcn\u00fcm\u00fcz\u00fcn en reva\u00e7ta teknolojilerinden bir tanesi olan Blok Zinciri (BlockChain) pek \u00e7ok ki\u015finin merak etti\u011fi konular\u0131n\u0131n ba\u015f\u0131nda gelmektedir. Detaylar\u0131 makalemde\u2026\u2026<\/p>\n\n\n\n<p><strong><strong><a rel=\"noreferrer noopener\" href=\"http:\/\/www.asiyezoroglu.com\/akademi\/kapali_yuzme_havuzu_sularinin_dezenfeksiyon_sisteminde_kullanilan_venturi_ozon_sisteminin_toksikolojik_acidan_incelenmesi_yuksek_lisans_tezi.pdf\" target=\"_blank\">KAPALI Y\u00dcZME HAVUZU SULARININ DEZENFEKS\u0130YON S\u0130STEM\u0130NDE KULLANILAN VENTUR\u0130 OZON S\u0130STEM\u0130N\u0130N TOKS\u0130KOLOJ\u0130K A\u00c7IDAN \u0130NCELENMES\u0130 Y\u00dcKSEK L\u0130SANS TEZ\u0130<\/a><\/strong><\/strong><\/p>\n\n\n\n<p>Kapal\u0131 Y\u00fczme Havuzu Sular\u0131n\u0131n Dezenfeksiyon Sisteminde Kullan\u0131lan Venturi Ozon Sisteminin Toksikolojik A\u00e7\u0131dan \u0130ncelenmesi Y\u00fcksek Lisans Tezi<\/p>\n\n\n\n<p><strong><a rel=\"noreferrer noopener\" href=\"http:\/\/www.asiyezoroglu.com\/akademi\/is_sagligi_ve_guvenligi_yuksek_lisans_tezim.pdf\" target=\"_blank\">\u0130\u015e SA\u011eLI\u011eI VE G\u00dcVENL\u0130\u011e\u0130 Y\u00dcKSEK L\u0130SANS TEZ SUNUMU<\/a><\/strong><\/p>\n\n\n\n<p>Kapal\u0131 Y\u00fczme Havuzu Sular\u0131n\u0131n Dezenfeksiyonunda Kullan\u0131lan Venturi Ozon Sisteminin Toksikolojik A\u00e7\u0131dan \u0130ncelenmesi Sunumu<\/p>\n\n\n\n<p><strong><strong><a href=\"http:\/\/www.asiyezoroglu.com\/akademi\/pil_hakkinda_hersey.pdf\" target=\"_blank\" rel=\"noreferrer noopener\">P\u0130L HAKKINDA HER\u015eEY<\/a><\/strong><\/strong><\/p>\n\n\n\n<p>At\u0131k Piller Hakk\u0131nda Her \u015eey<\/p>\n\n\n\n<p><strong><strong><a rel=\"noreferrer noopener\" href=\"http:\/\/www.asiyezoroglu.com\/akademi\/ic_girisimcilik_ile_orgut_yapisi_arasindaki_iliski.pdf\" target=\"_blank\">\u0130\u00c7 G\u0130R\u0130\u015e\u0130MC\u0130L\u0130K \u0130LE \u00d6RG\u00dcT YAPISI ARASINDAK\u0130 \u0130L\u0130\u015eK\u0130<\/a><\/strong><\/strong><\/p>\n\n\n\n<p>\u0130\u00e7 Giri\u015fimcilik ile \u00d6rg\u00fct Yap\u0131s\u0131 Aras\u0131ndaki \u0130li\u015fki<\/p>\n\n\n\n<p><strong><a href=\"http:\/\/www.asiyezoroglu.com\/akademi\/belirsizligi_yonetmek.pdf\" target=\"_blank\" rel=\"noreferrer noopener\">BEL\u0130RS\u0130ZL\u0130\u011e\u0130 Y\u00d6NETMEK<\/a><\/strong><\/p>\n\n\n\n<p>&#8220;Belirsizlik pek ho\u015f bir durum de\u011fildir.&#8221; diye tan\u0131mlam\u0131\u015f Zygmunt Bauman. Peki bu belirsizli\u011fi nas\u0131l y\u00f6netece\u011fiz?<\/p>\n\n\n\n<p><strong><a href=\"http:\/\/www.asiyezoroglu.com\/akademi\/vuca_degisim_caginda_butunsel_yonetim_persfektifinden_liderlerin_ozellikleri.pdf\" target=\"_blank\" rel=\"noreferrer noopener\">VUCA DE\u011e\u0130\u015e\u0130M \u00c7A\u011eINDA B\u00dcT\u00dcNSEL Y\u00d6NET\u0130M PERSFEKT\u0130F\u0130NDEN L\u0130DERLER\u0130N \u00d6ZELL\u0130KLER\u0130<\/a><\/strong><\/p>\n\n\n\n<p>\u015eu Covid-19 g\u00fcnlerinde her \u015fey ne kadar da &#8220;de\u011fi\u015fken&#8221;, &#8220;karars\u0131z&#8221;, &#8220;karma\u015f\u0131k&#8221; ve &#8220;belirsizlik&#8221; \u0130\u015fte VUCA tam da bu:&nbsp; VUCA: De\u011fi\u015fim \u00c7a\u011f\u0131nda B\u00fct\u00fcnsel Y\u00f6netim Perspektifinden Liderin \u00d6zellikleri<\/p>\n\n\n\n<p><strong><strong><a href=\"http:\/\/www.asiyezoroglu.com\/akademi\/orgutsel_baglilik_ve_is_tatmini_konulu_projem.pdf\" target=\"_blank\" rel=\"noreferrer noopener\">\u00d6RG\u00dcTSEL BA\u011eLILIK VE \u0130\u015e TATM\u0130N\u0130 KONULU PROJEM<\/a><\/strong><\/strong><\/p>\n\n\n\n<p>\u00d6rg\u00fctsel \u0130\u015fTatmini Fakt\u00f6rleri ve \u00d6rg\u00fctsel Ba\u011fl\u0131l\u0131k \u0130li\u015fkisi \u00dczerine Bir Ara\u015ft\u0131rma<\/p>\n\n\n\n<p><strong><a href=\"http:\/\/www.asiyezoroglu.com\/akademi\/sporask.pdf\" target=\"_blank\" rel=\"noreferrer noopener\">SPORA\u015eK<\/a><\/strong><\/p>\n\n\n\n<p>Kendi gelece\u011fini kendi \u00e7abalar\u0131yla \u015fekillendirmek isteyen giri\u015fimci ruhlu ki\u015filere rehber olmas\u0131 d\u00fc\u015f\u00fcncesi ile \u00f6rnek bir i\u015f plan\u0131 haz\u0131rlad\u0131m. Sizde haz\u0131rlad\u0131\u011f\u0131m bu \u00f6rnek i\u015f plan\u0131 ile KOSGEB&#8217; e veya di\u011fer melek yat\u0131r\u0131mc\u0131lar\u0131n\u0131za sunabilece\u011finiz i\u00e7erikler haz\u0131rlayabilirsiniz.<\/p>\n","protected":false},"excerpt":{"rendered":"<p>AKT\u0130F \u015eEH\u0130R POL\u0130T\u0130KALARINA GEN\u00c7 BAKI\u015e PROJES\u0130 POL\u0130T\u0130KA BELGES\u0130 ERASMUS DAY AVRUPA SPOR HAFTASI AVRUPA HAREKETL\u0130L\u0130K HAFTASI HAKKINDA HER \u015eEY 15 [&hellip;]<\/p>\n","protected":false},"author":1,"featured_media":0,"parent":0,"menu_order":0,"comment_status":"closed","ping_status":"closed","template":"","meta":{"footnotes":""},"class_list":["post-668","page","type-page","status-publish","hentry"],"_links":{"self":[{"href":"http:\/\/www.asiyezoroglu.com\/index.php?rest_route=\/wp\/v2\/pages\/668","targetHints":{"allow":["GET"]}}],"collection":[{"href":"http:\/\/www.asiyezoroglu.com\/index.php?rest_route=\/wp\/v2\/pages"}],"about":[{"href":"http:\/\/www.asiyezoroglu.com\/index.php?rest_route=\/wp\/v2\/types\/page"}],"author":[{"embeddable":true,"href":"http:\/\/www.asiyezoroglu.com\/index.php?rest_route=\/wp\/v2\/users\/1"}],"replies":[{"embeddable":true,"href":"http:\/\/www.asiyezoroglu.com\/index.php?rest_route=%2Fwp%2Fv2%2Fcomments&post=668"}],"version-history":[{"count":35,"href":"http:\/\/www.asiyezoroglu.com\/index.php?rest_route=\/wp\/v2\/pages\/668\/revisions"}],"predecessor-version":[{"id":931,"href":"http:\/\/www.asiyezoroglu.com\/index.php?rest_route=\/wp\/v2\/pages\/668\/revisions\/931"}],"wp:attachment":[{"href":"http:\/\/www.asiyezoroglu.com\/index.php?rest_route=%2Fwp%2Fv2%2Fmedia&parent=668"}],"curies":[{"name":"wp","href":"https:\/\/api.w.org\/{rel}","templated":true}]}}